{"id":6,"date":"2016-01-26T11:57:04","date_gmt":"2016-01-26T11:57:04","guid":{"rendered":"http:\/\/toarmiro.codibee.solutions\/facilities\/"},"modified":"2021-05-26T07:01:32","modified_gmt":"2021-05-26T07:01:32","slug":"facilities","status":"publish","type":"page","link":"https:\/\/toarmiro.codibee.solutions\/de\/facilities","title":{"rendered":"Dienstleistungen"},"content":{"rendered":"<p>Boutique H\u00e4user bietet Ihnen alle Komfort und garantiert einen bequemen Aufenthalt auf der Inseln Naxos.<\/p>\n<h2>Verf\u00fcgbare Leistungen der H\u00e4user<\/h2>\n<ul class=\"cdb-container clearfix\">\n<li class=\"cdb-8\">Die Doppel Betten haben Matratzen von der griechischen Firma Greco Strom.<\/li>\n<li class=\"cdb-8\">Sie k\u00f6nnen sogar Ihr Kissen w\u00e4hlen.<\/li>\n<li class=\"cdb-8\">Laufstall.<\/li>\n<\/ul>\n<ul class=\"cdb-container clearfix\">\n<li class=\"cdb-8\">Ger\u00e4umte Badezimmer.<\/li>\n<li class=\"cdb-8\">Haartrockner.<\/li>\n<li class=\"cdb-8\">Kosmetikartikel.<\/li>\n<\/ul>\n<ul class=\"cdb-container clearfix\">\n<li class=\"cdb-8\">Bade- und Strandt\u00fccher, Hausschuhen.<\/li>\n<li class=\"cdb-8\">Voll ausgestattete K\u00fcche.<\/li>\n<li class=\"cdb-8\">Schlie\u00dffach.<\/li>\n<\/ul>\n<ul class=\"cdb-container clearfix\">\n<li class=\"cdb-8\">Sat-TV mit hoher Aufl\u00f6sung.<\/li>\n<li class=\"cdb-8\">T\u00e4gliche Zimmerreinigung.<\/li>\n<li class=\"cdb-8\">Deckenventilatoren.<\/li>\n<\/ul>\n<h2>Verf\u00fcgbare Leistungen Boutique<\/h2>\n<ul class=\"cdb-container clearfix\">\n<li class=\"cdb-8\">F\u00fcnf private H\u00e4user mit uneingeschr\u00e4nkter Aussicht auf die \u00c4g\u00e4is.<\/li>\n<li class=\"cdb-8\">Direkt Zugang zum Strand (zu Fu\u00df).<\/li>\n<li class=\"cdb-8\">Ger\u00e4umige Balkonen.<\/li>\n<\/ul>\n<ul class=\"cdb-container clearfix\">\n<li class=\"cdb-8\">Private Dachterrasse.<\/li>\n<li class=\"cdb-8\">24 Stunden Check in.<\/li>\n<li class=\"cdb-8\">Transfer bei Ihrer Ankunft und Ihrer Abreise.<\/li>\n<\/ul>\n<ul class=\"cdb-container clearfix\">\n<li class=\"cdb-8\">Arzt f\u00fcr Notf\u00e4lle.<\/li>\n<li class=\"cdb-8\">Zeitung Ihrer Wahl.<\/li>\n<li class=\"cdb-8\">Organisierter Strand.<\/li>\n<\/ul>\n<ul class=\"cdb-container clearfix\">\n<li class=\"cdb-8\">Autovermietung.<\/li>\n<li class=\"cdb-8\">Parkplatz.<\/li>\n<\/ul>\n<p><\/p>","protected":false},"excerpt":{"rendered":"<p>Boutique H\u00e4user bietet Ihnen alle Komfort und garantiert einen bequemen Aufenthalt auf der Inseln Naxos. Verf\u00fcgbare Leistungen der H\u00e4user Die Doppel Betten haben Matratzen von der griechischen Firma Greco Strom. Sie k\u00f6nnen sogar Ihr Kissen w\u00e4hlen. Laufstall. Ger\u00e4umte Badezimmer. Haartrockner. Kosmetikartikel. Bade- und Strandt\u00fccher, Hausschuhen. Voll ausgestattete K\u00fcche. Schlie\u00dffach. Sat-TV mit hoher Aufl\u00f6sung. T\u00e4gliche Zimmerreinigung. [&hellip;]<\/p>\n","protected":false},"author":1,"featured_media":654,"parent":0,"menu_order":0,"comment_status":"closed","ping_status":"closed","template":"page_facilities.php","meta":{"footnotes":""},"class_list":["post-6","page","type-page","status-publish","has-post-thumbnail","hentry"],"_links":{"self":[{"href":"https:\/\/toarmiro.codibee.solutions\/de\/wp-json\/wp\/v2\/pages\/6","targetHints":{"allow":["GET"]}}],"collection":[{"href":"https:\/\/toarmiro.codibee.solutions\/de\/wp-json\/wp\/v2\/pages"}],"about":[{"href":"https:\/\/toarmiro.codibee.solutions\/de\/wp-json\/wp\/v2\/types\/page"}],"author":[{"embeddable":true,"href":"https:\/\/toarmiro.codibee.solutions\/de\/wp-json\/wp\/v2\/users\/1"}],"replies":[{"embeddable":true,"href":"https:\/\/toarmiro.codibee.solutions\/de\/wp-json\/wp\/v2\/comments?post=6"}],"version-history":[{"count":10,"href":"https:\/\/toarmiro.codibee.solutions\/de\/wp-json\/wp\/v2\/pages\/6\/revisions"}],"predecessor-version":[{"id":1034,"href":"https:\/\/toarmiro.codibee.solutions\/de\/wp-json\/wp\/v2\/pages\/6\/revisions\/1034"}],"wp:featuredmedia":[{"embeddable":true,"href":"https:\/\/toarmiro.codibee.solutions\/de\/wp-json\/wp\/v2\/media\/654"}],"wp:attachment":[{"href":"https:\/\/toarmiro.codibee.solutions\/de\/wp-json\/wp\/v2\/media?parent=6"}],"curies":[{"name":"wp","href":"https:\/\/api.w.org\/{rel}","templated":true}]}}