{"id":19,"date":"2016-01-26T11:57:04","date_gmt":"2016-01-26T11:57:04","guid":{"rendered":"http:\/\/toarmiro.codibee.solutions\/extra-page-one\/"},"modified":"2021-05-26T07:08:55","modified_gmt":"2021-05-26T07:08:55","slug":"eco-friendly","status":"publish","type":"page","link":"https:\/\/toarmiro.codibee.solutions\/de\/eco-friendly","title":{"rendered":"Umweltfreundlich"},"content":{"rendered":"<p>Wir haben ein \u00f6kologisches Hotel mit Respekt vor Mutter Natur und dem Mensch gebaut. Gleichzeitig respektieren wir auch die Kykladische Architektur, die besonders und einzig ist.<\/p>\n<p>Die F\u00fcrsorge um den Abfall unserer G\u00e4ste ist auch sehr wichtig f\u00fcr uns, deshalb gibt es Abfalleimer f\u00fcr Recycling in jeder Wohnung.<\/p>\n<p>Die richtige Nutzung des Wassers f\u00fcr die Au\u00dfenr\u00e4ume der Wohnungen ist f\u00fcr uns wichtig. Aus diesem Grund haben wir ein gro\u00dfes Wasserreservoir um Regenwasser aufzufangen.\u00a0Mit dieser Weise haben wir Autonomie in unseren Wohnungen.<\/p>","protected":false},"excerpt":{"rendered":"<p>Wir haben ein \u00f6kologisches Hotel mit Respekt vor Mutter Natur und dem Mensch gebaut.<\/p>\n","protected":false},"author":1,"featured_media":33,"parent":0,"menu_order":0,"comment_status":"closed","ping_status":"closed","template":"","meta":{"footnotes":""},"class_list":["post-19","page","type-page","status-publish","has-post-thumbnail","hentry"],"_links":{"self":[{"href":"https:\/\/toarmiro.codibee.solutions\/de\/wp-json\/wp\/v2\/pages\/19","targetHints":{"allow":["GET"]}}],"collection":[{"href":"https:\/\/toarmiro.codibee.solutions\/de\/wp-json\/wp\/v2\/pages"}],"about":[{"href":"https:\/\/toarmiro.codibee.solutions\/de\/wp-json\/wp\/v2\/types\/page"}],"author":[{"embeddable":true,"href":"https:\/\/toarmiro.codibee.solutions\/de\/wp-json\/wp\/v2\/users\/1"}],"replies":[{"embeddable":true,"href":"https:\/\/toarmiro.codibee.solutions\/de\/wp-json\/wp\/v2\/comments?post=19"}],"version-history":[{"count":8,"href":"https:\/\/toarmiro.codibee.solutions\/de\/wp-json\/wp\/v2\/pages\/19\/revisions"}],"predecessor-version":[{"id":503,"href":"https:\/\/toarmiro.codibee.solutions\/de\/wp-json\/wp\/v2\/pages\/19\/revisions\/503"}],"wp:featuredmedia":[{"embeddable":true,"href":"https:\/\/toarmiro.codibee.solutions\/de\/wp-json\/wp\/v2\/media\/33"}],"wp:attachment":[{"href":"https:\/\/toarmiro.codibee.solutions\/de\/wp-json\/wp\/v2\/media?parent=19"}],"curies":[{"name":"wp","href":"https:\/\/api.w.org\/{rel}","templated":true}]}}